{"id":6,"date":"2010-08-18T15:39:58","date_gmt":"2010-08-18T13:39:58","guid":{"rendered":"https:\/\/www.radnotfaja.ro\/?page_id=6"},"modified":"2010-08-27T11:44:47","modified_gmt":"2010-08-27T09:44:47","slug":"falutortenet","status":"publish","type":"page","link":"https:\/\/www.radnotfaja.ro\/?page_id=6","title":{"rendered":"Telep\u00fcl\u00e9st\u00f6rt\u00e9net"},"content":{"rendered":"<p style=\"text-align: justify;\"><a href=\"https:\/\/www.radnotfaja.ro\/wp-content\/uploads\/2010\/08\/Picture-280web.jpg\"><img loading=\"lazy\" decoding=\"async\" class=\"alignright size-medium wp-image-153\" title=\"Picture 280web\" src=\"https:\/\/www.radnotfaja.ro\/wp-content\/uploads\/2010\/08\/Picture-280web-300x200.jpg\" alt=\"\" width=\"300\" height=\"200\" srcset=\"https:\/\/www.radnotfaja.ro\/wp-content\/uploads\/2010\/08\/Picture-280web-300x200.jpg 300w, https:\/\/www.radnotfaja.ro\/wp-content\/uploads\/2010\/08\/Picture-280web.jpg 448w\" sizes=\"auto, (max-width: 300px) 100vw, 300px\" \/><\/a>A Maros \u00e9s a G\u00f6rg\u00e9ny foly\u00f3 tal\u00e1lkoz\u00e1s\u00e1n\u00e1l fekv\u0151 Radn\u00f3tf\u00e1ja m\u00e1ra m\u00e1r \u00f6sszen\u0151tt Sz\u00e1szr\u00e9gennel. 1956-ig Maros-Torda v\u00e1rmegye \u00f6n\u00e1ll\u00f3 telep\u00fcl\u00e9se volt, Sz\u00e1szr\u00e9gen als\u00f3 j\u00e1r\u00e1s\u00e1hoz tartozott. Ennek ellen\u00e9re a telep\u00fcl\u00e9s sorsa sz\u00e1zadokon \u00e1t a g\u00f6rg\u00e9nyi v\u00e1rral \u00e9s kincst\u00e1ri uradalommal volt \u00f6sszef\u00fcgg\u00e9sben. Az \u00c1rp\u00e1d-kori K\u00f6k\u00e9nyes-Radn\u00f3t nemzets\u00e9ghez tartoz\u00f3 Radn\u00f3t 1310-ben telep\u00fclt Erd\u00e9lybe N\u00f3gr\u00e1d megy\u00e9b\u0151l, \u00e9s a g\u00f6rg\u00e9nyi v\u00e1rnak volt v\u00e1rnagya vagy m\u00e1s tiszts\u00e9gvisel\u0151je. A Marost\u00f3l a gyergy\u00f3i hegyekig ny\u00fal\u00f3 nagy v\u00e1rbirtok nyugati sz\u00e9l\u00e9n \u0151 telep\u00edtette a nev\u00e9t visel\u0151 Radn\u00f3tf\u00e1j\u00e1t. (Radn\u00f3tf\u00e1ja \u2013 Radn\u00f3t falv\u00e1ja, faluja \u2013 \u00edrja a falu eredet\u00e9r\u0151l \u00e9s nev\u00e9r\u0151l Kelemen Lajos.)<\/p>\n<p style=\"text-align: justify;\"><a href=\"https:\/\/www.radnotfaja.ro\/wp-content\/uploads\/2010\/08\/RTemplomterv.jpg\"><img loading=\"lazy\" decoding=\"async\" class=\"alignleft size-medium wp-image-79\" title=\"RTemplomterv\" src=\"https:\/\/www.radnotfaja.ro\/wp-content\/uploads\/2010\/08\/RTemplomterv-300x229.jpg\" alt=\"\" width=\"300\" height=\"229\" srcset=\"https:\/\/www.radnotfaja.ro\/wp-content\/uploads\/2010\/08\/RTemplomterv-300x229.jpg 300w, https:\/\/www.radnotfaja.ro\/wp-content\/uploads\/2010\/08\/RTemplomterv.jpg 440w\" sizes=\"auto, (max-width: 300px) 100vw, 300px\" \/><\/a>\ufeff\ufeffOklevelekben 1453-t\u00f3l fordul el\u0151 a g\u00f6rg\u00e9nyi v\u00e1rhoz tartoz\u00f3 faluk\u00e9nt a G\u00f6rg\u00e9ny v\u00f6lgyi \u00e9s k\u00f6zeli m\u00e1s 25 faluval egy\u00fctt. Az 1720-as \u00e1ltal\u00e1nos orsz\u00e1gos \u00f6ssze\u00edr\u00e1s idej\u00e9n Radn\u00f3tf\u00e1j\u00e1n 32 csal\u00e1dot (5 nemes, 16 jobb\u00e1gy, 4 zsell\u00e9r, 5 taks\u00e1s szabados \u00e9s 2 m\u00e1s csal\u00e1dot) \u00edrtak \u00f6ssze. Ezeknek 145 \u00e9s h\u00e1romnegyed k\u00f6b\u00f6l m\u00e9r\u0151j\u0171 sz\u00e1nt\u00f3f\u00f6ldje, 64 \u00e9s f\u00e9l hold kasz\u00e1l\u00f3ja volt.<\/p>\n<p style=\"text-align: justify;\"><img loading=\"lazy\" decoding=\"async\" class=\"alignright\" title=\"Picture 290web\" src=\"https:\/\/www.radnotfaja.ro\/wp-content\/uploads\/2010\/08\/Picture-290web-300x200.jpg\" alt=\"\" width=\"300\" height=\"200\" \/>A hajdani nemesi csal\u00e1dok k\u00f6z\u00fcl a legnagyobb kast\u00e9lyszer\u0171 \u00e9p\u00fclete a Tinkovai Matsk\u00e1si csal\u00e1dnak volt. A nagy, 28 szob\u00e1s \u00e9p\u00fcletet s a mellette l\u00e9v\u0151 sz\u00e9p parkot 190 holdnyi birtokkal egy\u00fctt a Magyarorsz\u00e1gra t\u00e1voz\u00f3 Matsk\u00e1si Istv\u00e1n adta el a G\u00e1l csal\u00e1dnak az 1921-es f\u00f6ldreform el\u0151tt. A kast\u00e9lyb\u00f3l nyolc szoba maradt meg, a t\u00f6bbit lebontott\u00e1k. Radn\u00f3tf\u00e1j\u00e1n, a Maros f\u00e9lsziget\u00e9n volt egy m\u00e1sik emeletes kast\u00e9ly, a Bethlen gr\u00f3fok \u00e9p\u00edttett\u00e9k az 1880-as \u00e9vek elej\u00e9n. Az 1880-as \u00e9vek m\u00e1sodik fel\u00e9ben p\u00e1r \u00e9vig a Tholdalagi gr\u00f3fok is laktak benne. A 20. sz\u00e1zad elej\u00e9n ezt a kast\u00e9lyt is lebontott\u00e1k.<\/p>\n<p style=\"text-align: justify;\">Radn\u00f3tf\u00e1ja a p\u00e1pai tizedjegyz\u00e9kben m\u00e1r 1330-1335 k\u00f6z\u00f6tt \u00f6n\u00e1ll\u00f3 egyh\u00e1zk\u00f6zs\u00e9gk\u00e9nt szerepel. Neve Arnolfaya, Villa Renoldi, Reinolfaya alakban, els\u0151 papj\u00e1nak neve hol Albert, hol Arnold n\u00e9ven fordul el\u0151.<\/p>\n<p style=\"text-align: justify;\">A reform\u00e1ci\u00f3 idej\u00e9n, a 16. sz\u00e1zad m\u00e1sodik fel\u00e9ben a falu lak\u00f3i a k\u00f6rny\u00e9k magyars\u00e1g\u00e1val egy\u00fctt reform\u00e1tusokk\u00e1 lettek. A hagyom\u00e1ny a reform\u00e1l\u00f3d\u00e1st Szinnyei J\u00e1nos de\u00e1knak tulajdon\u00edtja. Ugyanakkor azt is \u00e1ll\u00edtja, hogy a radn\u00f3tf\u00e1jai \u00e9s a magyarb\u00f6lk\u00e9nyi reform\u00e1tus egyh\u00e1zk\u00f6zs\u00e9gek a 16. \u00e9s 17. sz\u00e1zadban k\u00f6lcs\u00f6n\u00f6sen, f\u00f6lv\u00e1ltva \u00e9ltek egym\u00e1ssal anya- \u00e9s le\u00e1nyegyh\u00e1zk\u00f6zs\u00e9gi viszonyban, att\u00f3l f\u00fcgg\u0151en, hogy \u00e9ppen melyik volt er\u0151sebb, s melyik tarthatott papot. A g\u00f6rg\u00e9nyi reform\u00e1tus egyh\u00e1zmegye vizsg\u00e1lati jegyz\u0151k\u00f6nyvei az egyh\u00e1zk\u00f6zs\u00e9gr\u0151l csak 1737-t\u0151l \u0151riznek adatokat.<\/p>\n<p style=\"text-align: justify;\">Radn\u00f3tf\u00e1j\u00e1nak m\u00e1r 1332-ben pl\u00e9b\u00e1niatemploma van. A pl\u00e9b\u00e1nia l\u00e9tes\u00edt\u00e9se \u00e9s a templom\u00e9p\u00edt\u00e9s kb. egy sz\u00e1zaddal el\u0151bbre, a 13. sz\u00e1zadra tehet\u0151. Ez a k\u00f6z\u00e9pkori templom azonban nem maradt meg. Helyette \u2013 a Maros \u00e1rad\u00e1sai miatt \u2013 a r\u00e9git\u0151l t\u00e1volabb, keletre \u00e9p\u00edtettek \u00fajat. Ezt is elpuszt\u00edtott\u00e1k az \u00e1rad\u00e1sok. 1737-ben \u00faj templom \u00e9p\u00fclt, \u201eamit a k\u00f6r\u00fcl\u00f6tte l\u00e9v\u0151 temet\u0151vel egy\u00fctt elsodortak rendre a Maros hull\u00e1mai\u201d. Domokos J\u00e1nos lelkip\u00e1sztors\u00e1ga \u00e9s Magyari Mih\u00e1ly gondnoks\u00e1ga idej\u00e9n \u201eaz egyh\u00e1zk\u00f6zs\u00e9g 1791-ben \u00faj templomot emelt, de ez is csak 41 \u00e9vig \u00e1llott fenn, mert v\u00edzj\u00e1rta helyre \u00e9p\u00edtett\u00e9k, s \u00e1rad\u00e1sok idej\u00e9n haszn\u00e1lhatatlann\u00e1 v\u00e1lt.\u201d Szil\u00e1gyi Istv\u00e1n gondnok \u00e9s \u00e9p\u00edt\u0151mester vezet\u00e9se mellett, Cs\u00e1sz\u00e1r J\u00e1nos paps\u00e1g\u00e1nak kezdet\u00e9n, \u201e1832-ben br. Bornemisza Leopoldt\u00f3l, a g\u00f6rg\u00e9nyi uradalom akkori ur\u00e1t\u00f3l szerzett c\u00e9lszer\u0171bb helyen \u00e9p\u00edtett\u00e9k f\u00f6l \u00faj templomukat. Azonban ez a templom sz\u0171knek \u00e9s s\u00f6t\u00e9tnek bizonyult, s az egyh\u00e1zk\u00f6zs\u00e9g az 1841-t\u0151l \u00e9p\u00edtett kis malma b\u00e9rlet\u00e9b\u0151l \u00e9s az 1868-t\u00f3l kezdett c\u00e9lszer\u0171bb \u00e9s helyesebb gazd\u00e1lkod\u00e1s eredm\u00e9ny\u00e9\u00fcl csakhamar \u00faj iskol\u00e1t, tan\u00edt\u00f3i, majd papi lakot, s 1894-95-ben\u201d Gergely Lajos lelkip\u00e1sztor vezet\u00e9s\u00e9vel, Szab\u00f3 Gerzson nagyk\u0151r\u00f6si \u00e9p\u00edt\u0151mester tervei alapj\u00e1n Sz\u00e1sz Istv\u00e1n g\u00f6rg\u00e9ny\u00fcvegcs\u0171ri \u00e9p\u00edt\u0151mester eg\u00e9szen \u00faj, t\u00e1gas \u00e9s c\u00e9lszer\u0171 templomot \u00e9s tornyot \u00e9p\u00edtett. Ez m\u00e1r a radn\u00f3tf\u00e1ji reform\u00e1tusok \u00f6t\u00f6dik temploma \u2013 \u00edrja Kelemen Lajos.<\/p>\n<p style=\"text-align: justify;\">Az \u00f6t\u00f6dik mell\u00e9, t\u0151le n\u00e9gy kilom\u00e9terre, a Maros jobb partj\u00e1n, a Radn\u00f3tf\u00e1ji \u00e9s Fogaras t\u00f6mbh\u00e1z-negyedek k\u00f6zel\u00e9ben az egyh\u00e1zk\u00f6zs\u00e9g \u00e1llamos\u00edtott f\u00f6ldjeire, a gy\u00fclekezet \u00e1ltal 2000-ben v\u00e1s\u00e1rolt csal\u00e1di h\u00e1z \u00e1t\u00e9p\u00edt\u00e9s\u00e9vel, M\u00fcller Csaba m\u0171\u00e9p\u00edt\u0151mester tervei alapj\u00e1n az itt \u00e9l\u0151 reform\u00e1tusok sz\u00e1m\u00e1ra egy hatodik, \u00faj templom is \u00e9p\u00fclt.<\/p>\n<p style=\"text-align: justify;\">A r\u00e9gi templom szent\u00e9ly\u00e9nek k\u00f6zep\u00e9n az \u00farasztalt Tinkovai Matsk\u00e1si Istv\u00e1n \u00far adom\u00e1nyozta. Sz\u00f3sz\u00e9k\u00e9t, 1895-ben R\u00f6mischer Istv\u00e1n sz\u00e1szr\u00e9geni m\u0171asztalos k\u00e9sz\u00edtette \u00f6zv. Gr. Toldalagi Viktorn\u00e9, sz\u00fcl. B. B\u00e1nffy Anna adom\u00e1ny\u00e1b\u00f3l. Orgon\u00e1ja pneumatikus, h\u00e9t regiszteres, egy manu\u00e1los, ped\u00e1los hangszer, amelyet 1931-ben v\u00e1s\u00e1rolt a gy\u00fclekezet. A templom udvar\u00e1n millenniumi eml\u00e9km\u0171 \u00e9p\u00fclt.<\/p>\n<p style=\"text-align: justify;\">\n<p style=\"text-align: justify;\">Sz\u00e9kely Gy\u00f6rgy<\/p>\n<p style=\"text-align: justify;\">lelkip\u00e1sztor<\/p>\n","protected":false},"excerpt":{"rendered":"<p>A Maros \u00e9s a G\u00f6rg\u00e9ny foly\u00f3 tal\u00e1lkoz\u00e1s\u00e1n\u00e1l fekv\u0151 Radn\u00f3tf\u00e1ja m\u00e1ra m\u00e1r \u00f6sszen\u0151tt Sz\u00e1szr\u00e9gennel. 1956-ig Maros-Torda v\u00e1rmegye \u00f6n\u00e1ll\u00f3 telep\u00fcl\u00e9se volt, Sz\u00e1szr\u00e9gen als\u00f3 j\u00e1r\u00e1s\u00e1hoz tartozott. Ennek ellen\u00e9re a telep\u00fcl\u00e9s sorsa sz\u00e1zadokon \u00e1t a g\u00f6rg\u00e9nyi v\u00e1rral \u00e9s kincst\u00e1ri uradalommal volt \u00f6sszef\u00fcgg\u00e9sben. Az \u00c1rp\u00e1d-kori &hellip; <a href=\"https:\/\/www.radnotfaja.ro\/?page_id=6\">Continue reading <span class=\"meta-nav\">&rarr;<\/span><\/a><\/p>\n","protected":false},"author":1,"featured_media":0,"parent":0,"menu_order":0,"comment_status":"open","ping_status":"open","template":"","meta":{"_monsterinsights_skip_tracking":false,"_monsterinsights_sitenote_active":false,"_monsterinsights_sitenote_note":"","_monsterinsights_sitenote_category":0,"footnotes":""},"class_list":["post-6","page","type-page","status-publish","hentry"],"_links":{"self":[{"href":"https:\/\/www.radnotfaja.ro\/index.php?rest_route=\/wp\/v2\/pages\/6","targetHints":{"allow":["GET"]}}],"collection":[{"href":"https:\/\/www.radnotfaja.ro\/index.php?rest_route=\/wp\/v2\/pages"}],"about":[{"href":"https:\/\/www.radnotfaja.ro\/index.php?rest_route=\/wp\/v2\/types\/page"}],"author":[{"embeddable":true,"href":"https:\/\/www.radnotfaja.ro\/index.php?rest_route=\/wp\/v2\/users\/1"}],"replies":[{"embeddable":true,"href":"https:\/\/www.radnotfaja.ro\/index.php?rest_route=%2Fwp%2Fv2%2Fcomments&post=6"}],"version-history":[{"count":8,"href":"https:\/\/www.radnotfaja.ro\/index.php?rest_route=\/wp\/v2\/pages\/6\/revisions"}],"predecessor-version":[{"id":10,"href":"https:\/\/www.radnotfaja.ro\/index.php?rest_route=\/wp\/v2\/pages\/6\/revisions\/10"}],"wp:attachment":[{"href":"https:\/\/www.radnotfaja.ro\/index.php?rest_route=%2Fwp%2Fv2%2Fmedia&parent=6"}],"curies":[{"name":"wp","href":"https:\/\/api.w.org\/{rel}","templated":true}]}}