{"id":19,"date":"2010-08-18T15:49:49","date_gmt":"2010-08-18T13:49:49","guid":{"rendered":"https:\/\/www.radnotfaja.ro\/?page_id=19"},"modified":"2010-08-19T22:47:56","modified_gmt":"2010-08-19T20:47:56","slug":"olt-utcai-templom","status":"publish","type":"page","link":"https:\/\/www.radnotfaja.ro\/?page_id=19","title":{"rendered":"Olt utcai templom"},"content":{"rendered":"<p style=\"text-align: justify;\"><a href=\"https:\/\/www.radnotfaja.ro\/wp-content\/uploads\/2010\/08\/Picture-883.jpg\"><img loading=\"lazy\" decoding=\"async\" class=\"alignleft size-medium wp-image-73\" title=\"Picture 883\" src=\"https:\/\/www.radnotfaja.ro\/wp-content\/uploads\/2010\/08\/Picture-883-200x300.jpg\" alt=\"\" width=\"200\" height=\"300\" srcset=\"https:\/\/www.radnotfaja.ro\/wp-content\/uploads\/2010\/08\/Picture-883-200x300.jpg 200w, https:\/\/www.radnotfaja.ro\/wp-content\/uploads\/2010\/08\/Picture-883.jpg 299w\" sizes=\"auto, (max-width: 200px) 100vw, 200px\" \/><\/a>Radn\u00f3tf\u00e1j\u00e1nak m\u00e1r 1332-ben pl\u00e9b\u00e1niatemploma van. A pl\u00e9b\u00e1nia l\u00e9tes\u00edt\u00e9se \u00e9s a templom\u00e9p\u00edt\u00e9s kb. egy sz\u00e1zaddal el\u0151bbre, a 13. sz\u00e1zadra tehet\u0151. Ez a k\u00f6z\u00e9pkori templom azonban nem maradt meg. Helyette \u2013 a Maros \u00e1rad\u00e1sai miatt \u2013 a r\u00e9git\u0151l t\u00e1volabb, keletre \u00e9p\u00edtettek \u00fajat. Ezt is elpuszt\u00edtott\u00e1k az \u00e1rad\u00e1sok. 1737-ben \u00faj templom \u00e9p\u00fclt, \u201eamit a k\u00f6r\u00fcl\u00f6tte l\u00e9v\u0151 temet\u0151vel egy\u00fctt elsodortak rendre a Maros hull\u00e1mai\u201d. Domokos J\u00e1nos lelkip\u00e1sztors\u00e1ga \u00e9s Magyari Mih\u00e1ly gondnoks\u00e1ga idej\u00e9n \u201eaz egyh\u00e1zk\u00f6zs\u00e9g 1791-ben \u00faj templomot emelt, de ez is csak 41 \u00e9vig \u00e1llott fenn, mert v\u00edzj\u00e1rta helyre \u00e9p\u00edtett\u00e9k, s \u00e1rad\u00e1sok idej\u00e9n haszn\u00e1lhatatlann\u00e1 v\u00e1lt.\u201d Szil\u00e1gyi Istv\u00e1n gondnok \u00e9s \u00e9p\u00edt\u0151mester vezet\u00e9se mellett, Cs\u00e1sz\u00e1r J\u00e1nos paps\u00e1g\u00e1nak kezdet\u00e9n, \u201e1832-ben br. <img loading=\"lazy\" decoding=\"async\" class=\"alignright\" title=\"Picture 031\" src=\"https:\/\/www.radnotfaja.ro\/wp-content\/uploads\/2010\/08\/Picture-031-300x200.jpg\" alt=\"\" width=\"300\" height=\"200\" \/>Bornemisza Leopoldt\u00f3l, a g\u00f6rg\u00e9nyi uradalom akkori ur\u00e1t\u00f3l szerzett c\u00e9lszer\u0171bb helyen \u00e9p\u00edtett\u00e9k f\u00f6l \u00faj templomukat. Azonban ez a templom sz\u0171knek \u00e9s s\u00f6t\u00e9tnek bizonyult, s az egyh\u00e1zk\u00f6zs\u00e9g az 1841-t\u0151l \u00e9p\u00edtett kis malma b\u00e9rlet\u00e9b\u0151l \u00e9s az 1868-t\u00f3l kezdett c\u00e9lszer\u0171bb \u00e9s helyesebb gazd\u00e1lkod\u00e1s eredm\u00e9ny\u00e9\u00fcl csakhamar \u00faj iskol\u00e1t, tan\u00edt\u00f3i, majd papi lakot, s 1894-95-ben\u201d Gergely Lajos lelkip\u00e1sztor vezet\u00e9s\u00e9vel, Szab\u00f3 Gerzson nagyk\u0151r\u00f6si \u00e9p\u00edt\u0151mester tervei alapj\u00e1n Sz\u00e1sz Istv\u00e1n g\u00f6rg\u00e9ny\u00fcvegcs\u0171ri \u00e9p\u00edt\u0151mester eg\u00e9szen \u00faj, t\u00e1gas \u00e9s c\u00e9lszer\u0171 templomot \u00e9s tornyot \u00e9p\u00edtett. Ez m\u00e1r a radn\u00f3tf\u00e1ji reform\u00e1tusok \u00f6t\u00f6dik temploma \u2013 \u00edrja Kelemen Lajos.<\/p>\n<p style=\"text-align: justify;\"><a href=\"https:\/\/www.radnotfaja.ro\/wp-content\/uploads\/2010\/08\/Picture-766.jpg\"><img loading=\"lazy\" decoding=\"async\" class=\"alignleft size-medium wp-image-81\" title=\"Picture 766\" src=\"https:\/\/www.radnotfaja.ro\/wp-content\/uploads\/2010\/08\/Picture-766-300x200.jpg\" alt=\"\" width=\"300\" height=\"200\" \/><\/a>A r\u00e9gi templom szent\u00e9ly\u00e9nek k\u00f6zep\u00e9n az \u00farasztalt Tinkovai Matsk\u00e1si Istv\u00e1n \u00far adom\u00e1nyozta. Sz\u00f3sz\u00e9k\u00e9t, 1895-ben R\u00f6mischer Istv\u00e1n sz\u00e1szr\u00e9geni m\u0171asztalos k\u00e9sz\u00edtette \u00f6zv. Gr. Toldalagi Viktorn\u00e9, sz\u00fcl. B. B\u00e1nffy Anna adom\u00e1ny\u00e1b\u00f3l. Orgon\u00e1ja pneumatikus, h\u00e9t regiszteres, egy manu\u00e1los, ped\u00e1los hangszer, amelyet 1931-ben v\u00e1s\u00e1rolt a gy\u00fclekezet. A templom udvar\u00e1n millenniumi eml\u00e9km\u0171 \u00e9p\u00fclt.<\/p>\n<div id='gallery-1' class='gallery galleryid-19 gallery-columns-3 gallery-size-thumbnail'><dl class='gallery-item'>\n\t\t\t<dt class='gallery-icon landscape'>\n\t\t\t\t<a href='https:\/\/www.radnotfaja.ro\/wp-content\/uploads\/2010\/08\/RTemplomterv.jpg'><img loading=\"lazy\" decoding=\"async\" width=\"150\" height=\"150\" src=\"https:\/\/www.radnotfaja.ro\/wp-content\/uploads\/2010\/08\/RTemplomterv-150x150.jpg\" class=\"attachment-thumbnail size-thumbnail\" alt=\"\" \/><\/a>\n\t\t\t<\/dt><\/dl><dl class='gallery-item'>\n\t\t\t<dt class='gallery-icon portrait'>\n\t\t\t\t<a href='https:\/\/www.radnotfaja.ro\/wp-content\/uploads\/2010\/08\/Picture-743.jpg'><img loading=\"lazy\" decoding=\"async\" width=\"150\" height=\"150\" src=\"https:\/\/www.radnotfaja.ro\/wp-content\/uploads\/2010\/08\/Picture-743-150x150.jpg\" class=\"attachment-thumbnail size-thumbnail\" alt=\"\" \/><\/a>\n\t\t\t<\/dt><\/dl><dl class='gallery-item'>\n\t\t\t<dt class='gallery-icon landscape'>\n\t\t\t\t<a href='https:\/\/www.radnotfaja.ro\/wp-content\/uploads\/2010\/08\/Picture-816.jpg'><img loading=\"lazy\" decoding=\"async\" width=\"150\" height=\"150\" src=\"https:\/\/www.radnotfaja.ro\/wp-content\/uploads\/2010\/08\/Picture-816-150x150.jpg\" class=\"attachment-thumbnail size-thumbnail\" alt=\"\" \/><\/a>\n\t\t\t<\/dt><\/dl><br style=\"clear: both\" \/><dl class='gallery-item'>\n\t\t\t<dt class='gallery-icon landscape'>\n\t\t\t\t<a href='https:\/\/www.radnotfaja.ro\/wp-content\/uploads\/2010\/08\/Picture-813.jpg'><img loading=\"lazy\" decoding=\"async\" width=\"150\" height=\"150\" src=\"https:\/\/www.radnotfaja.ro\/wp-content\/uploads\/2010\/08\/Picture-813-150x150.jpg\" class=\"attachment-thumbnail size-thumbnail\" alt=\"\" \/><\/a>\n\t\t\t<\/dt><\/dl><dl class='gallery-item'>\n\t\t\t<dt class='gallery-icon landscape'>\n\t\t\t\t<a href='https:\/\/www.radnotfaja.ro\/wp-content\/uploads\/2010\/08\/Picture-808.jpg'><img loading=\"lazy\" decoding=\"async\" width=\"150\" height=\"150\" src=\"https:\/\/www.radnotfaja.ro\/wp-content\/uploads\/2010\/08\/Picture-808-150x150.jpg\" class=\"attachment-thumbnail size-thumbnail\" alt=\"\" \/><\/a>\n\t\t\t<\/dt><\/dl><dl class='gallery-item'>\n\t\t\t<dt class='gallery-icon landscape'>\n\t\t\t\t<a href='https:\/\/www.radnotfaja.ro\/wp-content\/uploads\/2010\/08\/Picture-031.jpg'><img loading=\"lazy\" decoding=\"async\" width=\"150\" height=\"150\" src=\"https:\/\/www.radnotfaja.ro\/wp-content\/uploads\/2010\/08\/Picture-031-150x150.jpg\" class=\"attachment-thumbnail size-thumbnail\" alt=\"\" \/><\/a>\n\t\t\t<\/dt><\/dl><br style=\"clear: both\" \/><dl class='gallery-item'>\n\t\t\t<dt class='gallery-icon portrait'>\n\t\t\t\t<a href='https:\/\/www.radnotfaja.ro\/wp-content\/uploads\/2010\/08\/Picture-883.jpg'><img loading=\"lazy\" decoding=\"async\" width=\"150\" height=\"150\" src=\"https:\/\/www.radnotfaja.ro\/wp-content\/uploads\/2010\/08\/Picture-883-150x150.jpg\" class=\"attachment-thumbnail size-thumbnail\" alt=\"\" \/><\/a>\n\t\t\t<\/dt><\/dl>\n\t\t\t<br style='clear: both' \/>\n\t\t<\/div>\n\n<p style=\"text-align: justify;\">\n<p style=\"text-align: justify;\">\n","protected":false},"excerpt":{"rendered":"<p>Radn\u00f3tf\u00e1j\u00e1nak m\u00e1r 1332-ben pl\u00e9b\u00e1niatemploma van. A pl\u00e9b\u00e1nia l\u00e9tes\u00edt\u00e9se \u00e9s a templom\u00e9p\u00edt\u00e9s kb. egy sz\u00e1zaddal el\u0151bbre, a 13. sz\u00e1zadra tehet\u0151. Ez a k\u00f6z\u00e9pkori templom azonban nem maradt meg. Helyette \u2013 a Maros \u00e1rad\u00e1sai miatt \u2013 a r\u00e9git\u0151l t\u00e1volabb, keletre \u00e9p\u00edtettek \u00fajat. &hellip; <a href=\"https:\/\/www.radnotfaja.ro\/?page_id=19\">Continue reading <span class=\"meta-nav\">&rarr;<\/span><\/a><\/p>\n","protected":false},"author":1,"featured_media":73,"parent":13,"menu_order":1,"comment_status":"open","ping_status":"closed","template":"","meta":{"_monsterinsights_skip_tracking":false,"_monsterinsights_sitenote_active":false,"_monsterinsights_sitenote_note":"","_monsterinsights_sitenote_category":0,"footnotes":""},"class_list":["post-19","page","type-page","status-publish","has-post-thumbnail","hentry"],"_links":{"self":[{"href":"https:\/\/www.radnotfaja.ro\/index.php?rest_route=\/wp\/v2\/pages\/19","targetHints":{"allow":["GET"]}}],"collection":[{"href":"https:\/\/www.radnotfaja.ro\/index.php?rest_route=\/wp\/v2\/pages"}],"about":[{"href":"https:\/\/www.radnotfaja.ro\/index.php?rest_route=\/wp\/v2\/types\/page"}],"author":[{"embeddable":true,"href":"https:\/\/www.radnotfaja.ro\/index.php?rest_route=\/wp\/v2\/users\/1"}],"replies":[{"embeddable":true,"href":"https:\/\/www.radnotfaja.ro\/index.php?rest_route=%2Fwp%2Fv2%2Fcomments&post=19"}],"version-history":[{"count":9,"href":"https:\/\/www.radnotfaja.ro\/index.php?rest_route=\/wp\/v2\/pages\/19\/revisions"}],"predecessor-version":[{"id":72,"href":"https:\/\/www.radnotfaja.ro\/index.php?rest_route=\/wp\/v2\/pages\/19\/revisions\/72"}],"up":[{"embeddable":true,"href":"https:\/\/www.radnotfaja.ro\/index.php?rest_route=\/wp\/v2\/pages\/13"}],"wp:featuredmedia":[{"embeddable":true,"href":"https:\/\/www.radnotfaja.ro\/index.php?rest_route=\/wp\/v2\/media\/73"}],"wp:attachment":[{"href":"https:\/\/www.radnotfaja.ro\/index.php?rest_route=%2Fwp%2Fv2%2Fmedia&parent=19"}],"curies":[{"name":"wp","href":"https:\/\/api.w.org\/{rel}","templated":true}]}}