{"id":13,"date":"2010-08-18T15:48:43","date_gmt":"2010-08-18T13:48:43","guid":{"rendered":"https:\/\/www.radnotfaja.ro\/?page_id=13"},"modified":"2010-08-19T22:43:25","modified_gmt":"2010-08-19T20:43:25","slug":"reformatus-egyhazkozseg","status":"publish","type":"page","link":"https:\/\/www.radnotfaja.ro\/?page_id=13","title":{"rendered":"Reform\u00e1tus egyh\u00e1zk\u00f6zs\u00e9g"},"content":{"rendered":"<p style=\"text-align: justify;\"><strong><a href=\"https:\/\/www.radnotfaja.ro\/wp-content\/uploads\/2010\/08\/kerekcimer-kis.jpg\"><img loading=\"lazy\" decoding=\"async\" class=\"alignright size-medium wp-image-104\" title=\"kerekcimer-kis\" src=\"https:\/\/www.radnotfaja.ro\/wp-content\/uploads\/2010\/08\/kerekcimer-kis-300x283.jpg\" alt=\"\" width=\"300\" height=\"283\" srcset=\"https:\/\/www.radnotfaja.ro\/wp-content\/uploads\/2010\/08\/kerekcimer-kis-300x283.jpg 300w, https:\/\/www.radnotfaja.ro\/wp-content\/uploads\/2010\/08\/kerekcimer-kis-1024x966.jpg 1024w\" sizes=\"auto, (max-width: 300px) 100vw, 300px\" \/><\/a>Lelk\u00e9szei:<\/strong> Bar\u00e1tosi S\u00e1muel (1737-1750), Albisi K\u00e1lm\u00e1n (1750-1756), Vas D\u00e1vid (1756-1759), L\u00e9cfalvi N\u00e9meti L\u00e1szl\u00f3 (1759-1791), Domokos J\u00e1nos (1791-1801), Benedek J\u00f3zsef \/el\u0151sz\u00f6r\/ (1801-1806), Papolczi J\u00e1nos Andr\u00e1s (1806-1808), Szabados Gy\u00f6rgy (1808-1809), Sipos J\u00f3zsef (1809-1813), Benedek J\u00f3zsef \/m\u00e1sodszor\/ (1813-1827), Kib\u00e9di P\u00e9terfi J\u00e1nos (1827-1832), Cs\u00e1sz\u00e1r J\u00e1nos (1832-1867), Gergely Lajos (1867-1918), Bakk J\u00f3zsef (1918-1960), Batiz Andr\u00e1s (1961-1987), Nagy L\u00e1szl\u00f3 (1987-1993), Lakatos P\u00e9ter (1994-2001), Sz\u00e9kely Gy\u00f6rgy (2001 \u2013 mind a mai napig).<\/p>\n","protected":false},"excerpt":{"rendered":"<p>Lelk\u00e9szei: Bar\u00e1tosi S\u00e1muel (1737-1750), Albisi K\u00e1lm\u00e1n (1750-1756), Vas D\u00e1vid (1756-1759), L\u00e9cfalvi N\u00e9meti L\u00e1szl\u00f3 (1759-1791), Domokos J\u00e1nos (1791-1801), Benedek J\u00f3zsef \/el\u0151sz\u00f6r\/ (1801-1806), Papolczi J\u00e1nos Andr\u00e1s (1806-1808), Szabados Gy\u00f6rgy (1808-1809), Sipos J\u00f3zsef (1809-1813), Benedek J\u00f3zsef \/m\u00e1sodszor\/ (1813-1827), Kib\u00e9di P\u00e9terfi J\u00e1nos (1827-1832), Cs\u00e1sz\u00e1r &hellip; <a href=\"https:\/\/www.radnotfaja.ro\/?page_id=13\">Continue reading <span class=\"meta-nav\">&rarr;<\/span><\/a><\/p>\n","protected":false},"author":1,"featured_media":0,"parent":0,"menu_order":1,"comment_status":"open","ping_status":"closed","template":"","meta":{"_monsterinsights_skip_tracking":false,"_monsterinsights_sitenote_active":false,"_monsterinsights_sitenote_note":"","_monsterinsights_sitenote_category":0,"footnotes":""},"class_list":["post-13","page","type-page","status-publish","hentry"],"_links":{"self":[{"href":"https:\/\/www.radnotfaja.ro\/index.php?rest_route=\/wp\/v2\/pages\/13","targetHints":{"allow":["GET"]}}],"collection":[{"href":"https:\/\/www.radnotfaja.ro\/index.php?rest_route=\/wp\/v2\/pages"}],"about":[{"href":"https:\/\/www.radnotfaja.ro\/index.php?rest_route=\/wp\/v2\/types\/page"}],"author":[{"embeddable":true,"href":"https:\/\/www.radnotfaja.ro\/index.php?rest_route=\/wp\/v2\/users\/1"}],"replies":[{"embeddable":true,"href":"https:\/\/www.radnotfaja.ro\/index.php?rest_route=%2Fwp%2Fv2%2Fcomments&post=13"}],"version-history":[{"count":6,"href":"https:\/\/www.radnotfaja.ro\/index.php?rest_route=\/wp\/v2\/pages\/13\/revisions"}],"predecessor-version":[{"id":120,"href":"https:\/\/www.radnotfaja.ro\/index.php?rest_route=\/wp\/v2\/pages\/13\/revisions\/120"}],"wp:attachment":[{"href":"https:\/\/www.radnotfaja.ro\/index.php?rest_route=%2Fwp%2Fv2%2Fmedia&parent=13"}],"curies":[{"name":"wp","href":"https:\/\/api.w.org\/{rel}","templated":true}]}}